{"id":1627,"date":"2024-02-21T14:13:34","date_gmt":"2024-02-21T13:13:34","guid":{"rendered":"https:\/\/dev.entwicklung-schweiz.bertastrasse1.ch\/?page_id=1627"},"modified":"2024-05-16T16:27:29","modified_gmt":"2024-05-16T14:27:29","slug":"fr-uber-uns","status":"publish","type":"page","link":"https:\/\/dev.entwicklung-schweiz.bertastrasse1.ch\/fr\/fr-uber-uns\/","title":{"rendered":"FR: \u00dcber uns"},"content":{"rendered":"\n<p>Die Mitglieder von Entwicklung Schweiz \u00fcbernehmen Verantwortung f\u00fcr die Lebens- und Wohnqualit\u00e4t in unserem Land. Sie leisten einen Beitrag zu einer gesellschaftlich vertr\u00e4glichen sowie \u00f6konomisch und \u00f6kologisch sinnvollen Entwicklung der Schweiz. Sie bringen sich in der \u00d6ffentlichkeit, in Politik und Wirtschaft sowie bei kommunalen und kantonalen Beh\u00f6rden aktiv ein<\/p>\n\n\n\n<figure class=\"wp-block-embed is-type-video is-provider-youtube wp-block-embed-youtube wp-embed-aspect-16-9 wp-has-aspect-ratio\"><div class=\"wp-block-embed__wrapper\">\n<iframe loading=\"lazy\" title=\"Festtagsvideo Entwicklung Schweiz\" width=\"500\" height=\"281\" src=\"https:\/\/www.youtube.com\/embed\/G9LwZ4vhmKA?feature=oembed\" frameborder=\"0\" allow=\"accelerometer; autoplay; clipboard-write; encrypted-media; gyroscope; picture-in-picture; web-share\" referrerpolicy=\"strict-origin-when-cross-origin\" allowfullscreen><\/iframe>\n<\/div><\/figure>\n\n\n\n            <section class=\"custom-quote-block scrollMagic-block\" data-uid=\"69e10863ad764\">\n            <p class=\"mb-0 quote text-red\">\u201cDer richtige Weg ist, mit dem Reden aufzuh\u00f6ren und mit dem Tun zu beginnen\u201d<\/p>\n\n                            <div class=\"quote-divider\"><\/div>\n                <p class=\"mb-0 quote-autor\">Martin Schmid, Pr\u00e4sident<\/p>\n                    <\/section>\n    \n\n\n\n\n<h2 class=\"wp-block-heading\">Unser Anspruch<\/h2>\n\n\n\n<p>Wir bringen die Branche vorw\u00e4rts. Damit die Menschen hier gut leben.&nbsp;<\/p>\n\n\n\n<p>Als Verband der Gesamtleister stehen wir f\u00fcr integrierte Zusammenarbeitsmodelle, wo Planung, Entwicklung und Produktion eine Gesamtsicht schaffen. So entwickeln unsere Mitglieder gemeinsam mit allen Anspruchsgruppen den lebenswerten Raum, den sich die Menschen in der Schweiz w\u00fcnschen \u2013 nachhaltig, innovativ und f\u00fcr zuk\u00fcnftige Generationen. Wir sind die starke Stimme in der Politik und im Markt, damit die Schweiz sich lebenswert entwickeln kann.&nbsp;<\/p>\n\n\n\n<h2 class=\"wp-block-heading\">Unsere Vision<\/h2>\n\n\n\n<p>Entwicklung Schweiz ist der Verband mit dem pers\u00f6nlichen Draht in die Politik, der an der Schnittstelle vermittelt, damit die Weichen richtig gestellt werden k\u00f6nnen f\u00fcr&nbsp;<\/p>\n\n\n\n<p>Unsere Mitglieder sind f\u00fchrend bei komplexen Bauprojekten, weil sie die ganzheitlich denken und agieren und die L\u00f6sungen der Zukunft gemeinsam mit allen relevanten Anspruchsgruppen in die Tat umsetzen.&nbsp;<\/p>\n\n\n\n<h2 class=\"wp-block-heading\">Unsere Mission<\/h2>\n\n\n\n<p>Mit unternehmerischem Denken und Handeln streben wir nach den besten L\u00f6sungen f\u00fcr die wirtschaftlichen und gesellschaftlichen Herausforderungen im Bau-und Immobilienmarkt. Wir vertreten die Interessen unserer Mitglieder fundiert und im Sinne der zuk\u00fcnftigen Generationen. F\u00fcr die Menschen. Gemeinsam mit der Politik.&nbsp;<\/p>\n\n\n\n<h2 class=\"wp-block-heading\">Unsere Werte<\/h2>\n\n\n\n<p>Vertrauen und der pers\u00f6nliche Draht sind uns wichtig. Wir arbeiten faktenbasiert, professionell und mit gr\u00f6sstm\u00f6glicher Transparenz. F\u00fcr unsere Mitglieder sowie alle andern Anspruchsgruppen sind wir jederzeit ansprechbar, wir sind im Dialog. Unsere Haltung ist unternehmerisch, verantwortungsvoll und kooperativ. Gemeinsam gehen wir mutig neue Wege.&nbsp;<\/p>\n\n\n\n<h2 class=\"wp-block-heading\">Unsere Ziele<\/h2>\n\n\n\n<ul>\n<li>Wir bauen den Markt f\u00fcr Gesamtl\u00f6sungen entlang der Bed\u00fcrfnisse der Gesellschaft weiter aus, indem wir an der Schnittstelle von Politik, Unternehmen und Verwaltung vermitteln.&nbsp;<\/li>\n\n\n\n<li>Wir sind eine Plattform f\u00fcr den Austausch von Ideen, Innovationen und Best Practices.<\/li>\n\n\n\n<li>Wir unterst\u00fctzen und f\u00f6rdern innovative Branchenl\u00f6sungen f\u00fcr unsere Mitglieder und f\u00f6rdern den Nachwuchs.&nbsp;<\/li>\n<\/ul>\n","protected":false},"excerpt":{"rendered":"<p>Die Mitglieder von Entwicklung Schweiz \u00fcbernehmen Verantwortung f\u00fcr die Lebens- und Wohnqualit\u00e4t in unserem Land. Sie leisten einen Beitrag zu einer gesellschaftlich vertr\u00e4glichen sowie \u00f6konomisch und \u00f6kologisch sinnvollen Entwicklung der Schweiz. Sie bringen sich in der \u00d6ffentlichkeit, in Politik und Wirtschaft sowie bei kommunalen und kantonalen Beh\u00f6rden aktiv ein Unser Anspruch Wir bringen die Branche [&hellip;]<\/p>\n","protected":false},"author":7,"featured_media":63,"parent":0,"menu_order":4,"comment_status":"closed","ping_status":"closed","template":"","meta":{"_acf_changed":false,"inline_featured_image":false,"_themeisle_gutenberg_block_has_review":false,"footnotes":""},"acf":[],"yoast_head":"<!-- This site is optimized with the Yoast SEO plugin v22.7 - https:\/\/yoast.com\/wordpress\/plugins\/seo\/ -->\n<title>FR: \u00dcber uns - Entwicklung Schweiz<\/title>\n<meta name=\"robots\" content=\"noindex, follow, max-snippet:-1, max-image-preview:large, max-video-preview:-1\" \/>\n<meta property=\"og:locale\" content=\"fr_FR\" \/>\n<meta property=\"og:type\" content=\"article\" \/>\n<meta property=\"og:title\" content=\"FR: \u00dcber uns - Entwicklung Schweiz\" \/>\n<meta property=\"og:description\" content=\"Die Mitglieder von Entwicklung Schweiz \u00fcbernehmen Verantwortung f\u00fcr die Lebens- und Wohnqualit\u00e4t in unserem Land. Sie leisten einen Beitrag zu einer gesellschaftlich vertr\u00e4glichen sowie \u00f6konomisch und \u00f6kologisch sinnvollen Entwicklung der Schweiz. Sie bringen sich in der \u00d6ffentlichkeit, in Politik und Wirtschaft sowie bei kommunalen und kantonalen Beh\u00f6rden aktiv ein Unser Anspruch Wir bringen die Branche [&hellip;]\" \/>\n<meta property=\"og:url\" content=\"https:\/\/dev.entwicklung-schweiz.bertastrasse1.ch\/fr\/fr-uber-uns\/\" \/>\n<meta property=\"og:site_name\" content=\"Entwicklung Schweiz\" \/>\n<meta property=\"article:modified_time\" content=\"2024-05-16T14:27:29+00:00\" \/>\n<meta property=\"og:image\" content=\"https:\/\/dev.entwicklung-schweiz.bertastrasse1.ch\/wp-content\/uploads\/2024\/02\/63eb94c2e04d360e82192cccb9cc5d27.jpeg\" \/>\n\t<meta property=\"og:image:width\" content=\"1900\" \/>\n\t<meta property=\"og:image:height\" content=\"1190\" \/>\n\t<meta property=\"og:image:type\" content=\"image\/jpeg\" \/>\n<meta name=\"twitter:card\" content=\"summary_large_image\" \/>\n<meta name=\"twitter:label1\" content=\"Est. reading time\" \/>\n\t<meta name=\"twitter:data1\" content=\"2 minutes\" \/>\n<script type=\"application\/ld+json\" class=\"yoast-schema-graph\">{\"@context\":\"https:\/\/schema.org\",\"@graph\":[{\"@type\":\"WebPage\",\"@id\":\"https:\/\/dev.entwicklung-schweiz.bertastrasse1.ch\/fr\/fr-uber-uns\/\",\"url\":\"https:\/\/dev.entwicklung-schweiz.bertastrasse1.ch\/fr\/fr-uber-uns\/\",\"name\":\"FR: \u00dcber uns - Entwicklung Schweiz\",\"isPartOf\":{\"@id\":\"https:\/\/dev.entwicklung-schweiz.bertastrasse1.ch\/#website\"},\"primaryImageOfPage\":{\"@id\":\"https:\/\/dev.entwicklung-schweiz.bertastrasse1.ch\/fr\/fr-uber-uns\/#primaryimage\"},\"image\":{\"@id\":\"https:\/\/dev.entwicklung-schweiz.bertastrasse1.ch\/fr\/fr-uber-uns\/#primaryimage\"},\"thumbnailUrl\":\"https:\/\/dev.entwicklung-schweiz.bertastrasse1.ch\/wp-content\/uploads\/2024\/02\/63eb94c2e04d360e82192cccb9cc5d27.jpeg\",\"datePublished\":\"2024-02-21T13:13:34+00:00\",\"dateModified\":\"2024-05-16T14:27:29+00:00\",\"breadcrumb\":{\"@id\":\"https:\/\/dev.entwicklung-schweiz.bertastrasse1.ch\/fr\/fr-uber-uns\/#breadcrumb\"},\"inLanguage\":\"fr-FR\",\"potentialAction\":[{\"@type\":\"ReadAction\",\"target\":[\"https:\/\/dev.entwicklung-schweiz.bertastrasse1.ch\/fr\/fr-uber-uns\/\"]}]},{\"@type\":\"ImageObject\",\"inLanguage\":\"fr-FR\",\"@id\":\"https:\/\/dev.entwicklung-schweiz.bertastrasse1.ch\/fr\/fr-uber-uns\/#primaryimage\",\"url\":\"https:\/\/dev.entwicklung-schweiz.bertastrasse1.ch\/wp-content\/uploads\/2024\/02\/63eb94c2e04d360e82192cccb9cc5d27.jpeg\",\"contentUrl\":\"https:\/\/dev.entwicklung-schweiz.bertastrasse1.ch\/wp-content\/uploads\/2024\/02\/63eb94c2e04d360e82192cccb9cc5d27.jpeg\",\"width\":1900,\"height\":1190},{\"@type\":\"BreadcrumbList\",\"@id\":\"https:\/\/dev.entwicklung-schweiz.bertastrasse1.ch\/fr\/fr-uber-uns\/#breadcrumb\",\"itemListElement\":[{\"@type\":\"ListItem\",\"position\":1,\"name\":\"Home\",\"item\":\"https:\/\/dev.entwicklung-schweiz.bertastrasse1.ch\/fr\/\"},{\"@type\":\"ListItem\",\"position\":2,\"name\":\"FR: \u00dcber uns\"}]},{\"@type\":\"WebSite\",\"@id\":\"https:\/\/dev.entwicklung-schweiz.bertastrasse1.ch\/#website\",\"url\":\"https:\/\/dev.entwicklung-schweiz.bertastrasse1.ch\/\",\"name\":\"Entwicklung Schweiz\",\"description\":\"\",\"publisher\":{\"@id\":\"https:\/\/dev.entwicklung-schweiz.bertastrasse1.ch\/#organization\"},\"potentialAction\":[{\"@type\":\"SearchAction\",\"target\":{\"@type\":\"EntryPoint\",\"urlTemplate\":\"https:\/\/dev.entwicklung-schweiz.bertastrasse1.ch\/?s={search_term_string}\"},\"query-input\":\"required name=search_term_string\"}],\"inLanguage\":\"fr-FR\"},{\"@type\":\"Organization\",\"@id\":\"https:\/\/dev.entwicklung-schweiz.bertastrasse1.ch\/#organization\",\"name\":\"Entwicklung Schweiz\",\"url\":\"https:\/\/dev.entwicklung-schweiz.bertastrasse1.ch\/\",\"logo\":{\"@type\":\"ImageObject\",\"inLanguage\":\"fr-FR\",\"@id\":\"https:\/\/dev.entwicklung-schweiz.bertastrasse1.ch\/#\/schema\/logo\/image\/\",\"url\":\"https:\/\/dev.entwicklung-schweiz.bertastrasse1.ch\/wp-content\/uploads\/2024\/02\/Logo_colors.svg\",\"contentUrl\":\"https:\/\/dev.entwicklung-schweiz.bertastrasse1.ch\/wp-content\/uploads\/2024\/02\/Logo_colors.svg\",\"width\":243,\"height\":49,\"caption\":\"Entwicklung Schweiz\"},\"image\":{\"@id\":\"https:\/\/dev.entwicklung-schweiz.bertastrasse1.ch\/#\/schema\/logo\/image\/\"}}]}<\/script>\n<!-- \/ Yoast SEO plugin. -->","yoast_head_json":{"title":"FR: \u00dcber uns - Entwicklung Schweiz","robots":{"index":"noindex","follow":"follow","max-snippet":"max-snippet:-1","max-image-preview":"max-image-preview:large","max-video-preview":"max-video-preview:-1"},"og_locale":"fr_FR","og_type":"article","og_title":"FR: \u00dcber uns - Entwicklung Schweiz","og_description":"Die Mitglieder von Entwicklung Schweiz \u00fcbernehmen Verantwortung f\u00fcr die Lebens- und Wohnqualit\u00e4t in unserem Land. Sie leisten einen Beitrag zu einer gesellschaftlich vertr\u00e4glichen sowie \u00f6konomisch und \u00f6kologisch sinnvollen Entwicklung der Schweiz. Sie bringen sich in der \u00d6ffentlichkeit, in Politik und Wirtschaft sowie bei kommunalen und kantonalen Beh\u00f6rden aktiv ein Unser Anspruch Wir bringen die Branche [&hellip;]","og_url":"https:\/\/dev.entwicklung-schweiz.bertastrasse1.ch\/fr\/fr-uber-uns\/","og_site_name":"Entwicklung Schweiz","article_modified_time":"2024-05-16T14:27:29+00:00","og_image":[{"width":1900,"height":1190,"url":"https:\/\/dev.entwicklung-schweiz.bertastrasse1.ch\/wp-content\/uploads\/2024\/02\/63eb94c2e04d360e82192cccb9cc5d27.jpeg","type":"image\/jpeg"}],"twitter_card":"summary_large_image","twitter_misc":{"Est. reading time":"2 minutes"},"schema":{"@context":"https:\/\/schema.org","@graph":[{"@type":"WebPage","@id":"https:\/\/dev.entwicklung-schweiz.bertastrasse1.ch\/fr\/fr-uber-uns\/","url":"https:\/\/dev.entwicklung-schweiz.bertastrasse1.ch\/fr\/fr-uber-uns\/","name":"FR: \u00dcber uns - Entwicklung Schweiz","isPartOf":{"@id":"https:\/\/dev.entwicklung-schweiz.bertastrasse1.ch\/#website"},"primaryImageOfPage":{"@id":"https:\/\/dev.entwicklung-schweiz.bertastrasse1.ch\/fr\/fr-uber-uns\/#primaryimage"},"image":{"@id":"https:\/\/dev.entwicklung-schweiz.bertastrasse1.ch\/fr\/fr-uber-uns\/#primaryimage"},"thumbnailUrl":"https:\/\/dev.entwicklung-schweiz.bertastrasse1.ch\/wp-content\/uploads\/2024\/02\/63eb94c2e04d360e82192cccb9cc5d27.jpeg","datePublished":"2024-02-21T13:13:34+00:00","dateModified":"2024-05-16T14:27:29+00:00","breadcrumb":{"@id":"https:\/\/dev.entwicklung-schweiz.bertastrasse1.ch\/fr\/fr-uber-uns\/#breadcrumb"},"inLanguage":"fr-FR","potentialAction":[{"@type":"ReadAction","target":["https:\/\/dev.entwicklung-schweiz.bertastrasse1.ch\/fr\/fr-uber-uns\/"]}]},{"@type":"ImageObject","inLanguage":"fr-FR","@id":"https:\/\/dev.entwicklung-schweiz.bertastrasse1.ch\/fr\/fr-uber-uns\/#primaryimage","url":"https:\/\/dev.entwicklung-schweiz.bertastrasse1.ch\/wp-content\/uploads\/2024\/02\/63eb94c2e04d360e82192cccb9cc5d27.jpeg","contentUrl":"https:\/\/dev.entwicklung-schweiz.bertastrasse1.ch\/wp-content\/uploads\/2024\/02\/63eb94c2e04d360e82192cccb9cc5d27.jpeg","width":1900,"height":1190},{"@type":"BreadcrumbList","@id":"https:\/\/dev.entwicklung-schweiz.bertastrasse1.ch\/fr\/fr-uber-uns\/#breadcrumb","itemListElement":[{"@type":"ListItem","position":1,"name":"Home","item":"https:\/\/dev.entwicklung-schweiz.bertastrasse1.ch\/fr\/"},{"@type":"ListItem","position":2,"name":"FR: \u00dcber uns"}]},{"@type":"WebSite","@id":"https:\/\/dev.entwicklung-schweiz.bertastrasse1.ch\/#website","url":"https:\/\/dev.entwicklung-schweiz.bertastrasse1.ch\/","name":"Entwicklung Schweiz","description":"","publisher":{"@id":"https:\/\/dev.entwicklung-schweiz.bertastrasse1.ch\/#organization"},"potentialAction":[{"@type":"SearchAction","target":{"@type":"EntryPoint","urlTemplate":"https:\/\/dev.entwicklung-schweiz.bertastrasse1.ch\/?s={search_term_string}"},"query-input":"required name=search_term_string"}],"inLanguage":"fr-FR"},{"@type":"Organization","@id":"https:\/\/dev.entwicklung-schweiz.bertastrasse1.ch\/#organization","name":"Entwicklung Schweiz","url":"https:\/\/dev.entwicklung-schweiz.bertastrasse1.ch\/","logo":{"@type":"ImageObject","inLanguage":"fr-FR","@id":"https:\/\/dev.entwicklung-schweiz.bertastrasse1.ch\/#\/schema\/logo\/image\/","url":"https:\/\/dev.entwicklung-schweiz.bertastrasse1.ch\/wp-content\/uploads\/2024\/02\/Logo_colors.svg","contentUrl":"https:\/\/dev.entwicklung-schweiz.bertastrasse1.ch\/wp-content\/uploads\/2024\/02\/Logo_colors.svg","width":243,"height":49,"caption":"Entwicklung Schweiz"},"image":{"@id":"https:\/\/dev.entwicklung-schweiz.bertastrasse1.ch\/#\/schema\/logo\/image\/"}}]}},"_links":{"self":[{"href":"https:\/\/dev.entwicklung-schweiz.bertastrasse1.ch\/fr\/wp-json\/wp\/v2\/pages\/1627"}],"collection":[{"href":"https:\/\/dev.entwicklung-schweiz.bertastrasse1.ch\/fr\/wp-json\/wp\/v2\/pages"}],"about":[{"href":"https:\/\/dev.entwicklung-schweiz.bertastrasse1.ch\/fr\/wp-json\/wp\/v2\/types\/page"}],"author":[{"embeddable":true,"href":"https:\/\/dev.entwicklung-schweiz.bertastrasse1.ch\/fr\/wp-json\/wp\/v2\/users\/7"}],"replies":[{"embeddable":true,"href":"https:\/\/dev.entwicklung-schweiz.bertastrasse1.ch\/fr\/wp-json\/wp\/v2\/comments?post=1627"}],"version-history":[{"count":1,"href":"https:\/\/dev.entwicklung-schweiz.bertastrasse1.ch\/fr\/wp-json\/wp\/v2\/pages\/1627\/revisions"}],"predecessor-version":[{"id":1628,"href":"https:\/\/dev.entwicklung-schweiz.bertastrasse1.ch\/fr\/wp-json\/wp\/v2\/pages\/1627\/revisions\/1628"}],"wp:featuredmedia":[{"embeddable":true,"href":"https:\/\/dev.entwicklung-schweiz.bertastrasse1.ch\/fr\/wp-json\/wp\/v2\/media\/63"}],"wp:attachment":[{"href":"https:\/\/dev.entwicklung-schweiz.bertastrasse1.ch\/fr\/wp-json\/wp\/v2\/media?parent=1627"}],"curies":[{"name":"wp","href":"https:\/\/api.w.org\/{rel}","templated":true}]}}